{"id":10,"date":"2024-02-11T19:42:59","date_gmt":"2024-02-11T19:42:59","guid":{"rendered":"http:\/\/gf-tune.dk\/?page_id=10"},"modified":"2024-03-03T08:38:04","modified_gmt":"2024-03-03T08:38:04","slug":"10-2","status":"publish","type":"page","link":"https:\/\/gf-tune.dk\/","title":{"rendered":"Diverse grundejerforeninger i Tune"},"content":{"rendered":"\n<figure class=\"wp-block-table is-style-regular has-extra-small-font-size\"><table class=\"has-blue-color has-light-green-cyan-background-color has-text-color has-background has-link-color has-fixed-layout\"><tbody><tr><td class=\"has-text-align-center\" data-align=\"center\"><strong>Bakkeg\u00e5rden<br><\/strong><\/td><td class=\"has-text-align-center\" data-align=\"center\"><strong><a href=\"http:\/\/gf-tunenoe.dk\">Tune Nord\u00f8st<\/a><\/strong><br>Aktiv<\/td><td class=\"has-text-align-center\" data-align=\"center\"><strong><a href=\"https:\/\/www.baldershoej.dk\/\">Baldersh\u00f8j<\/a><\/strong><br>Fenrisvej-Runevej-Odinsvej<\/td><\/tr><tr><td class=\"has-text-align-center\" data-align=\"center\"><strong>Fiskerhusene<\/strong><br><\/td><td class=\"has-text-align-center\" data-align=\"center\"><a href=\"http:\/\/www.fortunatune.dk\"><strong>Fortuna<\/strong><\/a><br>Aktiv<\/td><td class=\"has-text-align-center\" data-align=\"center\"><strong>Humlestien<\/strong><br><\/td><\/tr><tr><td class=\"has-text-align-center\" data-align=\"center\"><strong>K\u00e6rnestien<\/strong><br><\/td><td class=\"has-text-align-center\" data-align=\"center\"><strong><a href=\"http:\/\/www.lundebotune.dk\">Lundebo<\/a><\/strong><br>Aktiv<\/td><td class=\"has-text-align-center\" data-align=\"center\"><strong>Tunehaverne 2<\/strong><br><\/td><\/tr><tr><td class=\"has-text-align-center\" data-align=\"center\"><strong>Skelstien<\/strong><br><\/td><td class=\"has-text-align-center\" data-align=\"center\"><strong><a href=\"https:\/\/www.tinggaardshegnet.dk\/\">Tingg\u00e5rdshegnet<\/a><\/strong><br>Aktiv<br><\/td><td class=\"has-text-align-center\" data-align=\"center\">Tinghaven<br><br><\/td><\/tr><tr><td class=\"has-text-align-center\" data-align=\"center\"><strong>Tunehaverne 1<\/strong><br><\/td><td class=\"has-text-align-center\" data-align=\"center\"><strong><a href=\"http:\/\/www.tuneh\u00f8j.dk\">Tuneh\u00f8j<\/a><\/strong><br>Aktiv<\/td><td class=\"has-text-align-center\" data-align=\"center\"><strong>Tune Industriby<\/strong><br><\/td><\/tr><tr><td class=\"has-text-align-center\" data-align=\"center\"><\/td><td class=\"has-text-align-center\" data-align=\"center\"><\/td><td class=\"has-text-align-center\" data-align=\"center\"><\/td><\/tr><tr><td class=\"has-text-align-center\" data-align=\"center\"><\/td><td class=\"has-text-align-center\" data-align=\"center\"><\/td><td class=\"has-text-align-center\" data-align=\"center\"><\/td><\/tr><\/tbody><\/table><\/figure>\n\n\n\n<div class=\"wp-block-columns is-layout-flex wp-container-core-columns-is-layout-9d6595d7 wp-block-columns-is-layout-flex\">\n<div class=\"wp-block-column is-layout-flow wp-block-column-is-layout-flow\">\n<p class=\"has-black-color has-green-background-color has-text-color has-background has-link-color has-small-font-size wp-elements-a2cee7435def6b35ba854c27c39ba55b\"><strong>Vil du have din grundejerforening med p\u00e5 denne side, s\u00e5 kontakt webmaster p\u00e5: <a href=\"mailto:webmaster@gf-tune.dk\">webmaster@gf-tune.dk<\/a><\/strong><\/p>\n<\/div>\n<\/div>\n","protected":false},"excerpt":{"rendered":"<p>Bakkeg\u00e5rden Tune Nord\u00f8stAktiv Baldersh\u00f8jFenrisvej-Runevej-Odinsvej Fiskerhusene FortunaAktiv Humlestien K\u00e6rnestien LundeboAktiv Tunehaverne 2 Skelstien Tingg\u00e5rdshegnetAktiv Tinghaven Tunehaverne 1 Tuneh\u00f8jAktiv Tune Industriby Vil du have din grundejerforening med p\u00e5 denne side, s\u00e5 kontakt webmaster p\u00e5: webmaster@gf-tune.dk<\/p>\n","protected":false},"author":1,"featured_media":0,"parent":0,"menu_order":0,"comment_status":"closed","ping_status":"closed","template":"","meta":{"footnotes":""},"class_list":["post-10","page","type-page","status-publish","hentry","entry"],"_links":{"self":[{"href":"https:\/\/gf-tune.dk\/index.php?rest_route=\/wp\/v2\/pages\/10","targetHints":{"allow":["GET"]}}],"collection":[{"href":"https:\/\/gf-tune.dk\/index.php?rest_route=\/wp\/v2\/pages"}],"about":[{"href":"https:\/\/gf-tune.dk\/index.php?rest_route=\/wp\/v2\/types\/page"}],"author":[{"embeddable":true,"href":"https:\/\/gf-tune.dk\/index.php?rest_route=\/wp\/v2\/users\/1"}],"replies":[{"embeddable":true,"href":"https:\/\/gf-tune.dk\/index.php?rest_route=%2Fwp%2Fv2%2Fcomments&post=10"}],"version-history":[{"count":38,"href":"https:\/\/gf-tune.dk\/index.php?rest_route=\/wp\/v2\/pages\/10\/revisions"}],"predecessor-version":[{"id":121,"href":"https:\/\/gf-tune.dk\/index.php?rest_route=\/wp\/v2\/pages\/10\/revisions\/121"}],"wp:attachment":[{"href":"https:\/\/gf-tune.dk\/index.php?rest_route=%2Fwp%2Fv2%2Fmedia&parent=10"}],"curies":[{"name":"wp","href":"https:\/\/api.w.org\/{rel}","templated":true}]}}